{"id":301,"date":"2022-10-24T16:35:43","date_gmt":"2022-10-24T14:35:43","guid":{"rendered":"https:\/\/www.hotelcasapiantoni.com\/posizione-e-distanze\/"},"modified":"2023-06-20T15:10:32","modified_gmt":"2023-06-20T13:10:32","slug":"standort-und-entfernungen","status":"publish","type":"page","link":"https:\/\/www.hotelcasapiantoni.com\/de\/standort-und-entfernungen\/","title":{"rendered":"Standort und Entfernungen"},"content":{"rendered":"<section class=\"l-section wpb_row hide_on_tablets hide_on_mobiles height_auto full_height valign_center with_video with_youtube\"><div id=\"us_bg_video_icf9\" class=\"l-section-video\"><script id=\"us_bg_video_icf9-script\">!function(w){var node = document.getElementById( 'us_bg_video_icf9' );if ( w.innerWidth <= 10 ) { node.remove() }}(window);<\/script><style>@media(max-width:10px){#us_bg_video_icf9{display:none!important}}<\/style><script id=\"youtube_icf9\">\r\n\t\t\t\t\twindow.USYTPlayers = ( window.USYTPlayers || { initYTFunctions: [], optionsYT: [], USYTInited: false } );\r\n\t\t\t\t\twindow.USYTPlayers.initYTFunctions.push( function() {\r\n\t\t\t\t\t\tvar player = new YT.Player( \"youtube_icf9\" , {\r\n\t\t\t\t\t\t\tvideoId: \"n0YuQeZNkqk\",\r\n\t\t\t\t\t\t\tplayerVars: {\"playlist\":\"n0YuQeZNkqk\",\"autohide\":1,\"autoplay\":1,\"mute\":1,\"controls\":0,\"disablekb\":1,\"enablejsapi\":1,\"fs\":0,\"loop\":1,\"rel\":0,\"showinfo\":0},\r\n\t\t\t\t\t\t\tevents: {\r\n\t\t\t\t\t\t\t\tonReady: function ( e ) {\r\n\t\t\t\t\t\t\t\t\te.target.mute();\r\n\t\t\t\t\t\t\t\t\te.target.playVideo();\r\n\t\t\t\t\t\t\t\t\te.target.g.allow = \"autoplay; fullscreen; picture-in-picture\";\r\n\t\t\t\t\t\t\t\t\te.target.g.width = window.innerWidth;\r\n\t\t\t\t\t\t\t\t\te.target.g.loading = \"lazy\";\r\n\t\t\t\t\t\t\t\t\te.target.g.dispatchEvent( new Event( \"resize\", { bubbles: true } ) );\r\n\t\t\t\t\t\t\t\t}\r\n\t\t\t\t\t\t\t}\r\n\t\t\t\t\t\t});\r\n\t\t\t\t\t\tdocument.querySelector( \"script#youtube_api_icf9\" ).remove();\r\n\t\t\t\t\t} );\r\n\t\t\t\t\twindow.onYouTubeIframeAPIReady = function() {\r\n\t\t\t\t\t\twindow.USYTPlayers.initYTFunctions.forEach( function( YTPlayer ) {\r\n\t\t\t\t\t\t\tif ( typeof YTPlayer === \"function\" ) {\r\n\t\t\t\t\t\t\t\tYTPlayer();\r\n\t\t\t\t\t\t\t}\r\n\t\t\t\t\t\t} );\r\n\t\t\t\t\t};\r\n\t\t\t\t\tvar script = document.createElement( \"script\" );\r\n\t\t\t\t\tscript.id = \"youtube_api_icf9\";\r\n\t\t\t\t\tscript.src = \"https:\/\/www.youtube.com\/iframe_api\";\r\n\t\t\t\t\tdocument.head.append( script );\r\n\t\t\t\t<\/script><\/div><div class=\"l-section-h i-cf\"><div class=\"g-cols vc_row via_grid cols_1 laptops-cols_inherit tablets-cols_inherit mobiles-cols_1 valign_top type_default stacking_default\"><div class=\"wpb_column vc_column_container\"><div class=\"vc_column-inner\"><\/div><\/div><\/div><\/div><\/section><section class=\"l-section wpb_row hide_on_default hide_on_laptops height_auto full_height valign_center with_img\"><div class=\"l-section-img\" role=\"img\" aria-label=\"Bild\" data-img-width=\"1620\" data-img-height=\"1080\" style=\"background-image: url(https:\/\/www.hotelcasapiantoni.com\/wp-content\/uploads\/2022\/10\/waterfront-buildings-limone-sul-garda-small-town-garda-lake-italy-2.jpg);background-repeat: no-repeat;\"><\/div><div class=\"l-section-h i-cf\"><div class=\"g-cols vc_row via_grid cols_1 laptops-cols_inherit tablets-cols_inherit mobiles-cols_1 valign_top type_default stacking_default\"><div class=\"wpb_column vc_column_container\"><div class=\"vc_column-inner\"><\/div><\/div><\/div><\/div><\/section><section class=\"l-section wpb_row height_medium with_img\"><div class=\"l-section-img\" role=\"img\" aria-label=\"Bild\" data-img-width=\"394\" data-img-height=\"424\" style=\"background-image: url(https:\/\/www.hotelcasapiantoni.com\/wp-content\/uploads\/2022\/10\/limonesx.svg);background-position: center left;background-repeat: no-repeat;background-size: auto;\"><\/div><div class=\"l-section-overlay\" style=\"background:rgba(255,255,255,0.55)\"><\/div><div class=\"l-section-h i-cf\"><div class=\"g-cols vc_row via_grid cols_custom laptops-cols_inherit tablets-cols_inherit mobiles-cols_1 valign_top type_default stacking_default\" style=\"--custom-columns:0.5fr 5fr 0.5fr \"><div class=\"wpb_column vc_column_container\"><div class=\"vc_column-inner\"><\/div><\/div><div class=\"wpb_column vc_column_container\"><div class=\"vc_column-inner\"><div class=\"wpb_text_column\"><div class=\"wpb_wrapper\"><h6>ENTDECKEN LIMONE SUL GARDA<\/h6>\n<\/div><\/div><div class=\"wpb_text_column\"><div class=\"wpb_wrapper\"><h1>Wohnen in Limone sul Garda<br \/>\nzwischen Natur, Sport und Entspannung.<\/h1>\n<\/div><\/div><div class=\"w-separator size_small with_line width_30 thick_2 style_solid color_primary align_left\"><div class=\"w-separator-h\"><\/div><\/div><div class=\"w-separator size_medium\"><\/div><div class=\"g-cols wpb_row via_grid cols_2 laptops-cols_inherit tablets-cols_inherit mobiles-cols_1 valign_top type_default stacking_default\" style=\"--columns-gap:3rem;\"><div class=\"wpb_column vc_column_container\"><div class=\"vc_column-inner\"><div class=\"wpb_text_column us_custom_343a6660\"><div class=\"wpb_wrapper\"><p><strong>Entfernungen zu Sonderzielen<\/strong><\/p>\n<\/div><\/div><div class=\"wpb_text_column\"><div class=\"wpb_wrapper\"><p><i class=\"fas fa-check-circle verde\"><\/i> \u00d6ffentlicher Strand <strong>200 mt.<\/strong> entfernt<br \/>\n<i class=\"fas fa-check-circle verde\"><\/i> Strand Cola <strong>800 mt.<\/strong> entfernt<br \/>\n<i class=\"fas fa-check-circle verde\"><\/i> Hundepark Via Tovo in <strong>650 mt.<\/strong><br \/>\n<i class=\"fas fa-check-circle verde\"><\/i> Sentiero degli Alpini (Alpenweg) <strong>900 mt.<\/strong><br \/>\n<i class=\"fas fa-check-circle verde\"><\/i> Museum Limonaia del Castel <strong>1,5 Km<\/strong> entfernt<br \/>\n<i class=\"fas fa-check-circle verde\"><\/i> Zugang zum Garda-Radweg <strong>3 Km<\/strong> entfernt<\/p>\n<\/div><\/div><\/div><\/div><div class=\"wpb_column vc_column_container\"><div class=\"vc_column-inner\"><div class=\"wpb_text_column us_custom_343a6660\"><div class=\"wpb_wrapper\"><p><strong>Orte in der N\u00e4he<\/strong><\/p>\n<\/div><\/div><div class=\"wpb_text_column\"><div class=\"wpb_wrapper\"><p><strong>TRENTINO<\/strong><br \/>\nRiva del Garda a <strong>11 Km<\/strong><br \/>\nPregasina, Sentiero della Ponale a <strong>12 Km<\/strong><br \/>\nLago di Tenno a <strong>18 Km<\/strong><\/p>\n<p><strong>LOMBARDIA<\/strong><br \/>\nCampione del Garda a <strong>8 Km<\/strong><br \/>\nTremosine a <strong>8 Km<\/strong><br \/>\nGargnano a <strong>17 Km<\/strong><\/p>\n<\/div><\/div><\/div><\/div><\/div><div class=\"w-separator size_medium\"><\/div><\/div><\/div><div class=\"wpb_column vc_column_container\"><div class=\"vc_column-inner\"><\/div><\/div><\/div><\/div><\/section><section class=\"l-section wpb_row us_custom_03cea402 height_medium\"><div class=\"l-section-h i-cf\"><div class=\"g-cols vc_row via_grid cols_1 laptops-cols_inherit tablets-cols_inherit mobiles-cols_1 valign_top type_default stacking_default\"><div class=\"wpb_column vc_column_container\"><div class=\"vc_column-inner\"><div class=\"w-separator size_small\"><\/div><div class=\"wpb_text_column\"><div class=\"wpb_wrapper\"><h6>WO WIR SIND<\/h6>\n<\/div><\/div><div class=\"w-separator size_small\"><\/div><div class=\"w-image i1200 align_center\"><div class=\"w-image-h\"><img decoding=\"async\" width=\"1312\" height=\"911\" src=\"https:\/\/www.hotelcasapiantoni.com\/wp-content\/uploads\/2022\/10\/mappa.svg\" class=\"attachment-large size-large\" alt=\"\" loading=\"lazy\" \/><\/div><\/div><div class=\"w-separator size_small\"><\/div><\/div><\/div><\/div><\/div><\/section><section class=\"l-section wpb_row us_custom_03cea402 height_medium with_img\"><div class=\"l-section-img\" role=\"img\" aria-label=\"Bild\" data-img-width=\"394\" data-img-height=\"424\" style=\"background-image: url(https:\/\/www.hotelcasapiantoni.com\/wp-content\/uploads\/2022\/10\/limonesx.svg);background-position: top right;background-repeat: no-repeat;background-size: auto;\"><\/div><div class=\"l-section-h i-cf\"><div class=\"g-cols vc_row via_grid cols_1 laptops-cols_inherit tablets-cols_inherit mobiles-cols_1 valign_top type_default stacking_default\"><div class=\"wpb_column vc_column_container\"><div class=\"vc_column-inner\"><div class=\"w-separator size_small\"><\/div><div class=\"wpb_text_column\"><div class=\"wpb_wrapper\"><h6>BIKE GARDASEE<\/h6>\n<\/div><\/div><div class=\"g-cols wpb_row via_grid cols_2-1 laptops-cols_inherit tablets-cols_inherit mobiles-cols_1 valign_middle type_default stacking_default\" style=\"--columns-gap:3rem;\"><div class=\"wpb_column vc_column_container\"><div class=\"vc_column-inner\"><div class=\"w-slider style_none fit_scaledown nav_none count_1\"><div class=\"w-slider-h\" aria-hidden=\"true\"><div class=\"royalSlider\"><div class=\"rsContent\"><a class=\"rsImg\" data-rsw=\"800\" data-rsh=\"532\" href=\"https:\/\/www.hotelcasapiantoni.com\/wp-content\/uploads\/2022\/10\/piste-ciclabili-piedi-sopra-il-lago-garda-con-paesaggi-bellissimi-limone-sul-destinazione-brescia-i-ciclopista-del-strada-e-234283960.jpg\"><span data-alt=\"\"><\/span><\/a><\/div><\/div><img decoding=\"async\" src=\"https:\/\/www.hotelcasapiantoni.com\/wp-content\/uploads\/2022\/10\/piste-ciclabili-piedi-sopra-il-lago-garda-con-paesaggi-bellissimi-limone-sul-destinazione-brescia-i-ciclopista-del-strada-e-234283960.jpg\" width=\"800\" height=\"532\" alt loading=\"lazy\"><\/div><div class=\"w-slider-json\" onclick='return {&quot;autoScaleSlider&quot;:true,&quot;addActiveClass&quot;:true,&quot;loop&quot;:true,&quot;fadeInLoadedSlide&quot;:false,&quot;slidesSpacing&quot;:0,&quot;imageScalePadding&quot;:0,&quot;numImagesToPreload&quot;:2,&quot;arrowsNav&quot;:true,&quot;arrowsNavAutoHide&quot;:false,&quot;transitionType&quot;:&quot;fade&quot;,&quot;transitionSpeed&quot;:250,&quot;block&quot;:{&quot;moveEffect&quot;:&quot;none&quot;,&quot;speed&quot;:300},&quot;thumbs&quot;:{&quot;fitInViewport&quot;:false,&quot;firstMargin&quot;:false,&quot;spacing&quot;:4},&quot;controlNavigation&quot;:&quot;none&quot;,&quot;autoScaleSliderWidth&quot;:800,&quot;autoScaleSliderHeight&quot;:532}'><\/div><\/div><\/div><\/div><div class=\"wpb_column vc_column_container\"><div class=\"vc_column-inner\"><div class=\"wpb_text_column\"><div class=\"wpb_wrapper\"><h2>Garda-Radweg<\/h2>\n<\/div><\/div><div class=\"wpb_text_column us_custom_939ef8a1 has_text_color\"><div class=\"wpb_wrapper\"><p>Die 2,5\u00a0km lange Strecke bietet einen gro\u00dfartigen Blick auf den Gardasee und kann zu Fu\u00df oder mit dem Rad genossen werden.<\/p>\n<\/div><\/div><div class=\"w-separator size_small\"><\/div><div class=\"wpb_text_column\"><div class=\"wpb_wrapper\"><p>Der Radweg am Gardasee wurde 2018 er\u00f6ffnet und ist nur ein kleiner Teil der gesamten Strecke, die in den kommenden Jahren erschlossen werden soll und das das Ziel hat, 19\u00a0Orte am Gardasee zu verbinden.<\/p>\n<\/div><\/div><\/div><\/div><\/div><div class=\"w-separator size_small\"><\/div><\/div><\/div><\/div><\/div><\/section><section class=\"l-section wpb_row us_custom_03cea402 height_medium with_img\"><div class=\"l-section-img\" role=\"img\" aria-label=\"Bild\" data-img-width=\"394\" data-img-height=\"424\" style=\"background-image: url(https:\/\/www.hotelcasapiantoni.com\/wp-content\/uploads\/2022\/10\/limonesx.svg);background-position: top right;background-repeat: no-repeat;background-size: auto;\"><\/div><div class=\"l-section-h i-cf\"><div class=\"g-cols vc_row via_grid cols_1 laptops-cols_inherit tablets-cols_inherit mobiles-cols_1 valign_top type_default stacking_default\"><div class=\"wpb_column vc_column_container\"><div class=\"vc_column-inner\"><div class=\"w-separator size_small\"><\/div><div class=\"wpb_text_column\"><div class=\"wpb_wrapper\"><h6>GARDASEE<\/h6>\n<\/div><\/div><div class=\"g-cols wpb_row via_grid cols_1-2 laptops-cols_inherit tablets-cols_inherit mobiles-cols_1 valign_middle type_default reversed stacking_default\" style=\"--columns-gap:3rem;\"><div class=\"wpb_column vc_column_container\"><div class=\"vc_column-inner\"><div class=\"wpb_text_column\"><div class=\"wpb_wrapper\"><h2>Yoga und Kitesurfen am Gardasee mit WindRiders<\/h2>\n<\/div><\/div><div class=\"w-separator size_small\"><\/div><div class=\"wpb_text_column\"><div class=\"wpb_wrapper\"><p>Mieten Sie ein SUP, nehmen Sie eine Lektion oder nehmen Sie an einer Tour zum Wasserfall teil! Es ist der neueste Wassersport am Gardasee. Jeder kann es, man muss nur schwimmen k\u00f6nnen. Mieten Sie ein Brett und paddeln Sie herum, spielen Sie und entspannen Sie sich. Genie\u00dfen Sie es, auf dem Wasser des Gardasees zu sein. Es gibt keinen besseren Weg, um einen hei\u00dfen Tag zu verbringen!<\/p>\n<\/div><\/div><\/div><\/div><div class=\"wpb_column vc_column_container\"><div class=\"vc_column-inner\"><div class=\"w-slider style_none fit_scaledown nav_none count_1\"><div class=\"w-slider-h\" aria-hidden=\"true\"><div class=\"royalSlider\"><div class=\"rsContent\"><a class=\"rsImg\" data-rsw=\"1024\" data-rsh=\"768\" href=\"https:\/\/www.hotelcasapiantoni.com\/wp-content\/uploads\/2023\/06\/SUP-tour-on-Lake-Garda-1024x768.jpg\"><span data-alt=\"\"><\/span><\/a><\/div><\/div><img decoding=\"async\" src=\"https:\/\/www.hotelcasapiantoni.com\/wp-content\/uploads\/2023\/06\/SUP-tour-on-Lake-Garda-1024x768.jpg\" width=\"1024\" height=\"768\" alt loading=\"lazy\"><\/div><div class=\"w-slider-json\" onclick='return {&quot;autoScaleSlider&quot;:true,&quot;addActiveClass&quot;:true,&quot;loop&quot;:true,&quot;fadeInLoadedSlide&quot;:false,&quot;slidesSpacing&quot;:0,&quot;imageScalePadding&quot;:0,&quot;numImagesToPreload&quot;:2,&quot;arrowsNav&quot;:true,&quot;arrowsNavAutoHide&quot;:false,&quot;transitionType&quot;:&quot;fade&quot;,&quot;transitionSpeed&quot;:250,&quot;block&quot;:{&quot;moveEffect&quot;:&quot;none&quot;,&quot;speed&quot;:300},&quot;thumbs&quot;:{&quot;fitInViewport&quot;:false,&quot;firstMargin&quot;:false,&quot;spacing&quot;:4},&quot;controlNavigation&quot;:&quot;none&quot;,&quot;autoScaleSliderWidth&quot;:1024,&quot;autoScaleSliderHeight&quot;:768}'><\/div><\/div><\/div><\/div><\/div><div class=\"w-separator size_small\"><\/div><\/div><\/div><\/div><\/div><\/section>\n","protected":false},"excerpt":{"rendered":"ENTDECKEN LIMONE SUL GARDA Wohnen in Limone sul Garda zwischen Natur, Sport und Entspannung. Entfernungen zu Sonderzielen \u00d6ffentlicher Strand 200 mt. entfernt Strand Cola 800 mt. entfernt Hundepark Via Tovo in 650 mt. Sentiero degli Alpini (Alpenweg) 900 mt. Museum Limonaia del Castel 1,5 Km entfernt Zugang zum Garda-Radweg 3 Km entfernt Orte in der...","protected":false},"author":1,"featured_media":247,"parent":0,"menu_order":0,"comment_status":"closed","ping_status":"closed","template":"","meta":{"_acf_changed":false,"inline_featured_image":false,"footnotes":""},"class_list":["post-301","page","type-page","status-publish","has-post-thumbnail","hentry"],"acf":[],"yoast_head":"<!-- This site is optimized with the Yoast SEO plugin v27.1.1 - https:\/\/yoast.com\/product\/yoast-seo-wordpress\/ -->\n<title>Standort und Entfernungen - Hotel Casa Piantoni<\/title>\n<meta name=\"robots\" content=\"index, follow, max-snippet:-1, max-image-preview:large, max-video-preview:-1\" \/>\n<link rel=\"canonical\" href=\"https:\/\/www.hotelcasapiantoni.com\/de\/standort-und-entfernungen\/\" \/>\n<meta property=\"og:locale\" content=\"de_DE\" \/>\n<meta property=\"og:type\" content=\"article\" \/>\n<meta property=\"og:title\" content=\"Standort und Entfernungen - Hotel Casa Piantoni\" \/>\n<meta property=\"og:url\" content=\"https:\/\/www.hotelcasapiantoni.com\/de\/standort-und-entfernungen\/\" \/>\n<meta property=\"og:site_name\" content=\"Hotel Casa Piantoni\" \/>\n<meta property=\"article:modified_time\" content=\"2023-06-20T13:10:32+00:00\" \/>\n<meta property=\"og:image\" content=\"https:\/\/www.hotelcasapiantoni.com\/wp-content\/uploads\/2022\/10\/waterfront-buildings-limone-sul-garda-small-town-garda-lake-italy-2.jpg\" \/>\n\t<meta property=\"og:image:width\" content=\"1620\" \/>\n\t<meta property=\"og:image:height\" content=\"1080\" \/>\n\t<meta property=\"og:image:type\" content=\"image\/jpeg\" \/>\n<meta name=\"twitter:card\" content=\"summary_large_image\" \/>\n<meta name=\"twitter:label1\" content=\"Gesch\u00e4tzte Lesezeit\" \/>\n\t<meta name=\"twitter:data1\" content=\"2\u00a0Minuten\" \/>\n<script type=\"application\/ld+json\" class=\"yoast-schema-graph\">{\"@context\":\"https:\/\/schema.org\",\"@graph\":[{\"@type\":\"WebPage\",\"@id\":\"https:\/\/www.hotelcasapiantoni.com\/de\/standort-und-entfernungen\/\",\"url\":\"https:\/\/www.hotelcasapiantoni.com\/de\/standort-und-entfernungen\/\",\"name\":\"Standort und Entfernungen - Hotel Casa Piantoni\",\"isPartOf\":{\"@id\":\"https:\/\/www.hotelcasapiantoni.com\/de\/#website\"},\"primaryImageOfPage\":{\"@id\":\"https:\/\/www.hotelcasapiantoni.com\/de\/standort-und-entfernungen\/#primaryimage\"},\"image\":{\"@id\":\"https:\/\/www.hotelcasapiantoni.com\/de\/standort-und-entfernungen\/#primaryimage\"},\"thumbnailUrl\":\"https:\/\/www.hotelcasapiantoni.com\/wp-content\/uploads\/2022\/10\/waterfront-buildings-limone-sul-garda-small-town-garda-lake-italy-2.jpg\",\"datePublished\":\"2022-10-24T14:35:43+00:00\",\"dateModified\":\"2023-06-20T13:10:32+00:00\",\"breadcrumb\":{\"@id\":\"https:\/\/www.hotelcasapiantoni.com\/de\/standort-und-entfernungen\/#breadcrumb\"},\"inLanguage\":\"de\",\"potentialAction\":[{\"@type\":\"ReadAction\",\"target\":[\"https:\/\/www.hotelcasapiantoni.com\/de\/standort-und-entfernungen\/\"]}]},{\"@type\":\"ImageObject\",\"inLanguage\":\"de\",\"@id\":\"https:\/\/www.hotelcasapiantoni.com\/de\/standort-und-entfernungen\/#primaryimage\",\"url\":\"https:\/\/www.hotelcasapiantoni.com\/wp-content\/uploads\/2022\/10\/waterfront-buildings-limone-sul-garda-small-town-garda-lake-italy-2.jpg\",\"contentUrl\":\"https:\/\/www.hotelcasapiantoni.com\/wp-content\/uploads\/2022\/10\/waterfront-buildings-limone-sul-garda-small-town-garda-lake-italy-2.jpg\",\"width\":1620,\"height\":1080,\"caption\":\"the waterfront buildings of Limone sul Garda - a small town on the Garda lake, Italy\"},{\"@type\":\"BreadcrumbList\",\"@id\":\"https:\/\/www.hotelcasapiantoni.com\/de\/standort-und-entfernungen\/#breadcrumb\",\"itemListElement\":[{\"@type\":\"ListItem\",\"position\":1,\"name\":\"Home\",\"item\":\"https:\/\/www.hotelcasapiantoni.com\/de\/\"},{\"@type\":\"ListItem\",\"position\":2,\"name\":\"Standort und Entfernungen\"}]},{\"@type\":\"WebSite\",\"@id\":\"https:\/\/www.hotelcasapiantoni.com\/de\/#website\",\"url\":\"https:\/\/www.hotelcasapiantoni.com\/de\/\",\"name\":\"Hotel Casa Piantoni\",\"description\":\"Hotel Casa Piantoni Limone\",\"publisher\":{\"@id\":\"https:\/\/www.hotelcasapiantoni.com\/de\/#organization\"},\"potentialAction\":[{\"@type\":\"SearchAction\",\"target\":{\"@type\":\"EntryPoint\",\"urlTemplate\":\"https:\/\/www.hotelcasapiantoni.com\/de\/?s={search_term_string}\"},\"query-input\":{\"@type\":\"PropertyValueSpecification\",\"valueRequired\":true,\"valueName\":\"search_term_string\"}}],\"inLanguage\":\"de\"},{\"@type\":\"Organization\",\"@id\":\"https:\/\/www.hotelcasapiantoni.com\/de\/#organization\",\"name\":\"Hotel Casa Piantoni\",\"url\":\"https:\/\/www.hotelcasapiantoni.com\/de\/\",\"logo\":{\"@type\":\"ImageObject\",\"inLanguage\":\"de\",\"@id\":\"https:\/\/www.hotelcasapiantoni.com\/de\/#\/schema\/logo\/image\/\",\"url\":\"https:\/\/www.hotelcasapiantoni.com\/wp-content\/uploads\/2022\/10\/DJI_0236.jpg\",\"contentUrl\":\"https:\/\/www.hotelcasapiantoni.com\/wp-content\/uploads\/2022\/10\/DJI_0236.jpg\",\"width\":1920,\"height\":1279,\"caption\":\"Hotel Casa Piantoni\"},\"image\":{\"@id\":\"https:\/\/www.hotelcasapiantoni.com\/de\/#\/schema\/logo\/image\/\"}}]}<\/script>\n<!-- \/ Yoast SEO plugin. -->","yoast_head_json":{"title":"Standort und Entfernungen - Hotel Casa Piantoni","robots":{"index":"index","follow":"follow","max-snippet":"max-snippet:-1","max-image-preview":"max-image-preview:large","max-video-preview":"max-video-preview:-1"},"canonical":"https:\/\/www.hotelcasapiantoni.com\/de\/standort-und-entfernungen\/","og_locale":"de_DE","og_type":"article","og_title":"Standort und Entfernungen - Hotel Casa Piantoni","og_url":"https:\/\/www.hotelcasapiantoni.com\/de\/standort-und-entfernungen\/","og_site_name":"Hotel Casa Piantoni","article_modified_time":"2023-06-20T13:10:32+00:00","og_image":[{"width":1620,"height":1080,"url":"https:\/\/www.hotelcasapiantoni.com\/wp-content\/uploads\/2022\/10\/waterfront-buildings-limone-sul-garda-small-town-garda-lake-italy-2.jpg","type":"image\/jpeg"}],"twitter_card":"summary_large_image","twitter_misc":{"Gesch\u00e4tzte Lesezeit":"2\u00a0Minuten"},"schema":{"@context":"https:\/\/schema.org","@graph":[{"@type":"WebPage","@id":"https:\/\/www.hotelcasapiantoni.com\/de\/standort-und-entfernungen\/","url":"https:\/\/www.hotelcasapiantoni.com\/de\/standort-und-entfernungen\/","name":"Standort und Entfernungen - Hotel Casa Piantoni","isPartOf":{"@id":"https:\/\/www.hotelcasapiantoni.com\/de\/#website"},"primaryImageOfPage":{"@id":"https:\/\/www.hotelcasapiantoni.com\/de\/standort-und-entfernungen\/#primaryimage"},"image":{"@id":"https:\/\/www.hotelcasapiantoni.com\/de\/standort-und-entfernungen\/#primaryimage"},"thumbnailUrl":"https:\/\/www.hotelcasapiantoni.com\/wp-content\/uploads\/2022\/10\/waterfront-buildings-limone-sul-garda-small-town-garda-lake-italy-2.jpg","datePublished":"2022-10-24T14:35:43+00:00","dateModified":"2023-06-20T13:10:32+00:00","breadcrumb":{"@id":"https:\/\/www.hotelcasapiantoni.com\/de\/standort-und-entfernungen\/#breadcrumb"},"inLanguage":"de","potentialAction":[{"@type":"ReadAction","target":["https:\/\/www.hotelcasapiantoni.com\/de\/standort-und-entfernungen\/"]}]},{"@type":"ImageObject","inLanguage":"de","@id":"https:\/\/www.hotelcasapiantoni.com\/de\/standort-und-entfernungen\/#primaryimage","url":"https:\/\/www.hotelcasapiantoni.com\/wp-content\/uploads\/2022\/10\/waterfront-buildings-limone-sul-garda-small-town-garda-lake-italy-2.jpg","contentUrl":"https:\/\/www.hotelcasapiantoni.com\/wp-content\/uploads\/2022\/10\/waterfront-buildings-limone-sul-garda-small-town-garda-lake-italy-2.jpg","width":1620,"height":1080,"caption":"the waterfront buildings of Limone sul Garda - a small town on the Garda lake, Italy"},{"@type":"BreadcrumbList","@id":"https:\/\/www.hotelcasapiantoni.com\/de\/standort-und-entfernungen\/#breadcrumb","itemListElement":[{"@type":"ListItem","position":1,"name":"Home","item":"https:\/\/www.hotelcasapiantoni.com\/de\/"},{"@type":"ListItem","position":2,"name":"Standort und Entfernungen"}]},{"@type":"WebSite","@id":"https:\/\/www.hotelcasapiantoni.com\/de\/#website","url":"https:\/\/www.hotelcasapiantoni.com\/de\/","name":"Hotel Casa Piantoni","description":"Hotel Casa Piantoni Limone","publisher":{"@id":"https:\/\/www.hotelcasapiantoni.com\/de\/#organization"},"potentialAction":[{"@type":"SearchAction","target":{"@type":"EntryPoint","urlTemplate":"https:\/\/www.hotelcasapiantoni.com\/de\/?s={search_term_string}"},"query-input":{"@type":"PropertyValueSpecification","valueRequired":true,"valueName":"search_term_string"}}],"inLanguage":"de"},{"@type":"Organization","@id":"https:\/\/www.hotelcasapiantoni.com\/de\/#organization","name":"Hotel Casa Piantoni","url":"https:\/\/www.hotelcasapiantoni.com\/de\/","logo":{"@type":"ImageObject","inLanguage":"de","@id":"https:\/\/www.hotelcasapiantoni.com\/de\/#\/schema\/logo\/image\/","url":"https:\/\/www.hotelcasapiantoni.com\/wp-content\/uploads\/2022\/10\/DJI_0236.jpg","contentUrl":"https:\/\/www.hotelcasapiantoni.com\/wp-content\/uploads\/2022\/10\/DJI_0236.jpg","width":1920,"height":1279,"caption":"Hotel Casa Piantoni"},"image":{"@id":"https:\/\/www.hotelcasapiantoni.com\/de\/#\/schema\/logo\/image\/"}}]}},"_links":{"self":[{"href":"https:\/\/www.hotelcasapiantoni.com\/de\/wp-json\/wp\/v2\/pages\/301","targetHints":{"allow":["GET"]}}],"collection":[{"href":"https:\/\/www.hotelcasapiantoni.com\/de\/wp-json\/wp\/v2\/pages"}],"about":[{"href":"https:\/\/www.hotelcasapiantoni.com\/de\/wp-json\/wp\/v2\/types\/page"}],"author":[{"embeddable":true,"href":"https:\/\/www.hotelcasapiantoni.com\/de\/wp-json\/wp\/v2\/users\/1"}],"replies":[{"embeddable":true,"href":"https:\/\/www.hotelcasapiantoni.com\/de\/wp-json\/wp\/v2\/comments?post=301"}],"version-history":[{"count":5,"href":"https:\/\/www.hotelcasapiantoni.com\/de\/wp-json\/wp\/v2\/pages\/301\/revisions"}],"predecessor-version":[{"id":367,"href":"https:\/\/www.hotelcasapiantoni.com\/de\/wp-json\/wp\/v2\/pages\/301\/revisions\/367"}],"wp:featuredmedia":[{"embeddable":true,"href":"https:\/\/www.hotelcasapiantoni.com\/de\/wp-json\/wp\/v2\/media\/247"}],"wp:attachment":[{"href":"https:\/\/www.hotelcasapiantoni.com\/de\/wp-json\/wp\/v2\/media?parent=301"}],"curies":[{"name":"wp","href":"https:\/\/api.w.org\/{rel}","templated":true}]}}