{"id":413,"date":"2024-05-30T15:08:01","date_gmt":"2024-05-30T13:08:01","guid":{"rendered":"https:\/\/www.hotelcasapiantoni.com\/?page_id=413"},"modified":"2025-10-03T16:47:55","modified_gmt":"2025-10-03T14:47:55","slug":"aktive-angebote","status":"publish","type":"page","link":"https:\/\/www.hotelcasapiantoni.com\/de\/aktive-angebote\/","title":{"rendered":"Aktive Angebote"},"content":{"rendered":"<section class=\"l-section wpb_row us_custom_ae38e9a5 height_medium\"><div class=\"l-section-h i-cf\"><div class=\"g-cols vc_row via_grid cols_1 laptops-cols_inherit tablets-cols_inherit mobiles-cols_1 valign_top type_boxes stacking_default\"><div class=\"wpb_column vc_column_container\"><div class=\"vc_column-inner\"><div class=\"wpb_text_column us_custom_eb849559\"><div class=\"wpb_wrapper\"><h6>URLAUB IN LIMONE AM GARDASEE<\/h6>\n<\/div><\/div><div class=\"wpb_text_column us_custom_eb849559\"><div class=\"wpb_wrapper\"><h2>Unsere aktiven Angebote<\/h2>\n<\/div><\/div><div class=\"w-separator size_medium\"><\/div><div class=\"w-grid us_post_list type_grid layout_389 cols_2 overflow_hidden preload_style_spinner\" id=\"us_post_list_hd80\" style=\"--columns:2;--gap:1.5rem;\"><style>@media (max-width:600px){#us_post_list_hd80{--columns:1!important}}.layout_389 .w-grid-item-h{background:var(--color-content-bg);color:var(--color-content-text);border-radius:0.3rem;box-shadow:0 0.03rem 0.06rem rgba(0,0,0,0.1),0 0.1rem 0.3rem rgba(0,0,0,0.1);transition-duration:0.3s}.no-touch .layout_389 .w-grid-item-h:hover{box-shadow:0 0.1rem 0.2rem rgba(0,0,0,0.1),0 0.33rem 1rem rgba(0,0,0,0.15);z-index:4}.layout_389 .usg_post_title_1{font-size:1.8rem!important;line-height:1.2em!important;font-family:var(--font-family)!important;font-weight:700!important;margin-top:30px!important}.layout_389 .usg_vwrapper_1{padding:9% 11% 11% 11%!important}.layout_389 .usg_post_taxonomy_1{text-align:right!important;font-size:10px!important;font-weight:700!important;text-transform:uppercase!important;position:absolute!important;left:1.2rem!important;top:1.2rem!important;right:1.2rem!important}.layout_389 .usg_post_content_1{line-height:1.4!important}.layout_389 .usg_post_custom_field_1{color:var(--color-header-middle-text-hover)!important;font-size:1.2rem!important;font-family:var(--font-family)!important;font-weight:400!important;text-transform:uppercase!important;margin-top:20px!important}.layout_389 .usg_html_1{text-align:right!important;margin-top:15px!important}@media (max-width:600px){.layout_389 .usg_post_title_1{font-size:1.2rem!important}}<\/style><div class=\"w-grid-list\">\t<article class=\"w-grid-item size_1x1 post-263 post type-post status-publish format-standard hentry category-angebot\" data-id=\"263\">\r\n\t\t<div class=\"w-grid-item-h\">\r\n\t\t\t\t\t\t<div class=\"w-post-elm post_taxonomy usg_post_taxonomy_1 style_badge color_link_inherit\"><span class=\"w-btn us-btn-style_badge term-25 term-angebot\">ANGEBOT<\/span><\/div><div class=\"w-vwrapper usg_vwrapper_1\" style=\"--vwrapper-gap:0.4rem\"><h2 class=\"w-post-elm post_title usg_post_title_1 entry-title color_link_inherit\">Offizieller Tarif<\/h2><div class=\"w-post-elm post_custom_field usg_post_custom_field_1 has_text_color type_text sottotitolo color_link_inherit\"><span class=\"w-post-elm-value\">BESTER ONLINE-PREIS<\/span><\/div><div class=\"w-post-elm post_content usg_post_content_1\"><p>Wenn Sie direkt von dieser Website aus buchen, k\u00f6nnen Sie sicher sein, dass Sie immer den besten Preis erhalten.<br \/>\nDie Preise, die Sie sehen, sind in der Tat bereits erm\u00e4\u00dfigt im Vergleich zu jedem anderen Buchungsdienst, wo Sie unsere Zimmer zum Verkauf finden k\u00f6nnen (Booking.com, Expedia, etc.).<br \/>\nAu\u00dferdem k\u00f6nnen Sie Ihre Reservierung bis zu 5 Tage vor Ihrem Ankunftsdatum kostenlos stornieren.<\/p>\n<\/div><div class=\"w-html usg_html_1\"><i class=\"fal fa-long-arrow-right\"><\/i><\/div><div class=\"w-hwrapper usg_hwrapper_1\"><a class=\"w-btn us-btn-style_1 usg_btn_1\" href=\"https:\/\/www.hotelcasapiantoni.com\/de\/anfrage\/\"><span class=\"w-btn-label\">Angebot anfragen<\/span><\/a><a class=\"w-btn us-btn-style_1 usg_btn_2 icon_atleft\" target=\"_blank\" href=\"https:\/\/wa.me\/393277941706\"><i class=\"fab fa-whatsapp\"><\/i><span class=\"w-btn-label\">Chat<\/span><\/a><\/div><\/div>\t\t<\/div>\r\n\t\t\t<\/article>\r\n<\/div><div class=\"g-loadmore hidden\"><div class=\"g-preloader type_1\"><div><\/div><\/div><\/div><div class=\"w-grid-list-json hidden\" onclick='return {&quot;max_num_pages&quot;:0,&quot;paginationBase&quot;:&quot;page&quot;,&quot;pagination&quot;:&quot;none&quot;,&quot;paged&quot;:1,&quot;ajaxData&quot;:{&quot;action&quot;:&quot;us_ajax_post_list&quot;,&quot;meta_type&quot;:&quot;post&quot;,&quot;object_id&quot;:0,&quot;template_vars&quot;:{&quot;shortcode_base&quot;:&quot;us_post_list&quot;,&quot;paged&quot;:1,&quot;max_num_pages&quot;:0,&quot;no_results&quot;:false,&quot;us_post_content_design_css&quot;:[],&quot;found_posts&quot;:0,&quot;per_page&quot;:999,&quot;items_count&quot;:1,&quot;orderby_random_seed&quot;:null,&quot;source&quot;:&quot;all&quot;,&quot;custom_field_name&quot;:&quot;&quot;,&quot;ids&quot;:&quot;&quot;,&quot;post_type&quot;:&quot;post&quot;,&quot;attachment_ids&quot;:null,&quot;include_post_thumbnail&quot;:0,&quot;post_author&quot;:&quot;any&quot;,&quot;post_author_ids&quot;:&quot;&quot;,&quot;apply_url_params&quot;:0,&quot;ignore_sticky_posts&quot;:1,&quot;exclude_children&quot;:0,&quot;exclude_current_post&quot;:&quot;0&quot;,&quot;exclude_prev_posts&quot;:0,&quot;exclude_past_events&quot;:0,&quot;enable_items_offset&quot;:0,&quot;items_offset&quot;:&quot;1&quot;,&quot;tax_query_relation&quot;:&quot;none&quot;,&quot;tax_query&quot;:[{&quot;operator&quot;:&quot;IN&quot;,&quot;taxonomy&quot;:&quot;category&quot;,&quot;terms&quot;:&quot;&quot;,&quot;include_children&quot;:0}],&quot;meta_query_relation&quot;:&quot;none&quot;,&quot;meta_query&quot;:[{&quot;key&quot;:&quot;custom_field_name&quot;,&quot;compare&quot;:&quot;=&quot;,&quot;value&quot;:&quot;&quot;}],&quot;orderby&quot;:&quot;date&quot;,&quot;orderby_custom_field&quot;:&quot;&quot;,&quot;orderby_custom_type&quot;:0,&quot;order_invert&quot;:0,&quot;show_all&quot;:&quot;1&quot;,&quot;quantity&quot;:&quot;12&quot;,&quot;posts_per_archive_page&quot;:0,&quot;no_items_action&quot;:&quot;message&quot;,&quot;no_items_message&quot;:&quot;Es wurden keine Ergebnisse gefunden.&quot;,&quot;no_items_page_block&quot;:&quot;&quot;,&quot;pagination&quot;:&quot;none&quot;,&quot;pagination_style&quot;:&quot;&quot;,&quot;pagination_btn_text&quot;:&quot;Mehr laden&quot;,&quot;pagination_btn_size&quot;:&quot;&quot;,&quot;pagination_btn_style&quot;:&quot;1&quot;,&quot;pagination_btn_fullwidth&quot;:0,&quot;items_layout&quot;:&quot;389&quot;,&quot;type&quot;:&quot;grid&quot;,&quot;items_valign&quot;:0,&quot;ignore_items_size&quot;:0,&quot;columns&quot;:&quot;2&quot;,&quot;items_gap&quot;:&quot;1.5rem&quot;,&quot;load_animation&quot;:&quot;none&quot;,&quot;items_preload_style&quot;:&quot;spinner&quot;,&quot;img_size&quot;:&quot;default&quot;,&quot;title_size&quot;:&quot;&quot;,&quot;items_ratio&quot;:&quot;default&quot;,&quot;items_ratio_width&quot;:&quot;21&quot;,&quot;items_ratio_height&quot;:&quot;9&quot;,&quot;overriding_link&quot;:&quot;%7B%22url%22%3A%22%22%7D&quot;,&quot;popup_page_template&quot;:&quot;0&quot;,&quot;popup_width&quot;:&quot;&quot;,&quot;popup_arrows&quot;:1,&quot;breakpoint_1_width&quot;:&quot;1281px&quot;,&quot;breakpoint_1_cols&quot;:&quot;default&quot;,&quot;breakpoint_1_quantity&quot;:&quot;&quot;,&quot;breakpoint_1_gap&quot;:&quot;&quot;,&quot;breakpoint_2_width&quot;:&quot;1025px&quot;,&quot;breakpoint_2_cols&quot;:&quot;2&quot;,&quot;breakpoint_2_quantity&quot;:&quot;&quot;,&quot;breakpoint_2_gap&quot;:&quot;&quot;,&quot;breakpoint_3_width&quot;:&quot;601px&quot;,&quot;breakpoint_3_cols&quot;:&quot;1&quot;,&quot;breakpoint_3_quantity&quot;:&quot;&quot;,&quot;breakpoint_3_gap&quot;:&quot;&quot;,&quot;conditions_operator&quot;:&quot;always&quot;,&quot;conditions&quot;:[],&quot;css&quot;:null,&quot;el_class&quot;:&quot;&quot;,&quot;el_id&quot;:&quot;&quot;,&quot;enable_custom_html_atts&quot;:0,&quot;custom_html_atts&quot;:null,&quot;hide_on_states&quot;:&quot;&quot;,&quot;hide_for_sticky&quot;:0,&quot;hide_for_not_sticky&quot;:0,&quot;hide_below&quot;:&quot;0px&quot;,&quot;hide_above&quot;:&quot;0px&quot;,&quot;classes&quot;:&quot;&quot;},&quot;found_posts&quot;:0,&quot;per_page&quot;:999},&quot;facetedFilter&quot;:[]}'><\/div><\/div><\/div><\/div><\/div><\/div><\/section>\n","protected":false},"excerpt":{"rendered":"Wenn Sie direkt von dieser Website aus buchen, k\u00f6nnen Sie sicher sein, dass Sie immer den besten Preis erhalten. Die Preise, die Sie sehen, sind in der Tat bereits erm\u00e4\u00dfigt im Vergleich zu jedem anderen Buchungsdienst, wo Sie unsere Zimmer zum Verkauf finden k\u00f6nnen (Booking.com, Expedia, etc.). Au\u00dferdem k\u00f6nnen Sie Ihre Reservierung bis zu 5...","protected":false},"author":1,"featured_media":0,"parent":0,"menu_order":0,"comment_status":"closed","ping_status":"closed","template":"","meta":{"_acf_changed":false,"inline_featured_image":false,"footnotes":""},"class_list":["post-413","page","type-page","status-publish","hentry"],"acf":[],"yoast_head":"<!-- This site is optimized with the Yoast SEO plugin v27.1.1 - https:\/\/yoast.com\/product\/yoast-seo-wordpress\/ -->\n<title>Aktive Angebote - Hotel Casa Piantoni<\/title>\n<meta name=\"robots\" content=\"index, follow, max-snippet:-1, max-image-preview:large, max-video-preview:-1\" \/>\n<link rel=\"canonical\" href=\"https:\/\/www.hotelcasapiantoni.com\/de\/aktive-angebote\/\" \/>\n<meta property=\"og:locale\" content=\"de_DE\" \/>\n<meta property=\"og:type\" content=\"article\" \/>\n<meta property=\"og:title\" content=\"Aktive Angebote - Hotel Casa Piantoni\" \/>\n<meta property=\"og:url\" content=\"https:\/\/www.hotelcasapiantoni.com\/de\/aktive-angebote\/\" \/>\n<meta property=\"og:site_name\" content=\"Hotel Casa Piantoni\" \/>\n<meta property=\"article:modified_time\" content=\"2025-10-03T14:47:55+00:00\" \/>\n<meta name=\"twitter:card\" content=\"summary_large_image\" \/>\n<meta name=\"twitter:label1\" content=\"Gesch\u00e4tzte Lesezeit\" \/>\n\t<meta name=\"twitter:data1\" content=\"1\u00a0Minute\" \/>\n<script type=\"application\/ld+json\" class=\"yoast-schema-graph\">{\"@context\":\"https:\/\/schema.org\",\"@graph\":[{\"@type\":\"WebPage\",\"@id\":\"https:\/\/www.hotelcasapiantoni.com\/de\/aktive-angebote\/\",\"url\":\"https:\/\/www.hotelcasapiantoni.com\/de\/aktive-angebote\/\",\"name\":\"Aktive Angebote - Hotel Casa Piantoni\",\"isPartOf\":{\"@id\":\"https:\/\/www.hotelcasapiantoni.com\/de\/#website\"},\"datePublished\":\"2024-05-30T13:08:01+00:00\",\"dateModified\":\"2025-10-03T14:47:55+00:00\",\"breadcrumb\":{\"@id\":\"https:\/\/www.hotelcasapiantoni.com\/de\/aktive-angebote\/#breadcrumb\"},\"inLanguage\":\"de\",\"potentialAction\":[{\"@type\":\"ReadAction\",\"target\":[\"https:\/\/www.hotelcasapiantoni.com\/de\/aktive-angebote\/\"]}]},{\"@type\":\"BreadcrumbList\",\"@id\":\"https:\/\/www.hotelcasapiantoni.com\/de\/aktive-angebote\/#breadcrumb\",\"itemListElement\":[{\"@type\":\"ListItem\",\"position\":1,\"name\":\"Home\",\"item\":\"https:\/\/www.hotelcasapiantoni.com\/de\/\"},{\"@type\":\"ListItem\",\"position\":2,\"name\":\"Aktive Angebote\"}]},{\"@type\":\"WebSite\",\"@id\":\"https:\/\/www.hotelcasapiantoni.com\/de\/#website\",\"url\":\"https:\/\/www.hotelcasapiantoni.com\/de\/\",\"name\":\"Hotel Casa Piantoni\",\"description\":\"Hotel Casa Piantoni Limone\",\"publisher\":{\"@id\":\"https:\/\/www.hotelcasapiantoni.com\/de\/#organization\"},\"potentialAction\":[{\"@type\":\"SearchAction\",\"target\":{\"@type\":\"EntryPoint\",\"urlTemplate\":\"https:\/\/www.hotelcasapiantoni.com\/de\/?s={search_term_string}\"},\"query-input\":{\"@type\":\"PropertyValueSpecification\",\"valueRequired\":true,\"valueName\":\"search_term_string\"}}],\"inLanguage\":\"de\"},{\"@type\":\"Organization\",\"@id\":\"https:\/\/www.hotelcasapiantoni.com\/de\/#organization\",\"name\":\"Hotel Casa Piantoni\",\"url\":\"https:\/\/www.hotelcasapiantoni.com\/de\/\",\"logo\":{\"@type\":\"ImageObject\",\"inLanguage\":\"de\",\"@id\":\"https:\/\/www.hotelcasapiantoni.com\/de\/#\/schema\/logo\/image\/\",\"url\":\"https:\/\/www.hotelcasapiantoni.com\/wp-content\/uploads\/2022\/10\/DJI_0236.jpg\",\"contentUrl\":\"https:\/\/www.hotelcasapiantoni.com\/wp-content\/uploads\/2022\/10\/DJI_0236.jpg\",\"width\":1920,\"height\":1279,\"caption\":\"Hotel Casa Piantoni\"},\"image\":{\"@id\":\"https:\/\/www.hotelcasapiantoni.com\/de\/#\/schema\/logo\/image\/\"}}]}<\/script>\n<!-- \/ Yoast SEO plugin. -->","yoast_head_json":{"title":"Aktive Angebote - Hotel Casa Piantoni","robots":{"index":"index","follow":"follow","max-snippet":"max-snippet:-1","max-image-preview":"max-image-preview:large","max-video-preview":"max-video-preview:-1"},"canonical":"https:\/\/www.hotelcasapiantoni.com\/de\/aktive-angebote\/","og_locale":"de_DE","og_type":"article","og_title":"Aktive Angebote - Hotel Casa Piantoni","og_url":"https:\/\/www.hotelcasapiantoni.com\/de\/aktive-angebote\/","og_site_name":"Hotel Casa Piantoni","article_modified_time":"2025-10-03T14:47:55+00:00","twitter_card":"summary_large_image","twitter_misc":{"Gesch\u00e4tzte Lesezeit":"1\u00a0Minute"},"schema":{"@context":"https:\/\/schema.org","@graph":[{"@type":"WebPage","@id":"https:\/\/www.hotelcasapiantoni.com\/de\/aktive-angebote\/","url":"https:\/\/www.hotelcasapiantoni.com\/de\/aktive-angebote\/","name":"Aktive Angebote - Hotel Casa Piantoni","isPartOf":{"@id":"https:\/\/www.hotelcasapiantoni.com\/de\/#website"},"datePublished":"2024-05-30T13:08:01+00:00","dateModified":"2025-10-03T14:47:55+00:00","breadcrumb":{"@id":"https:\/\/www.hotelcasapiantoni.com\/de\/aktive-angebote\/#breadcrumb"},"inLanguage":"de","potentialAction":[{"@type":"ReadAction","target":["https:\/\/www.hotelcasapiantoni.com\/de\/aktive-angebote\/"]}]},{"@type":"BreadcrumbList","@id":"https:\/\/www.hotelcasapiantoni.com\/de\/aktive-angebote\/#breadcrumb","itemListElement":[{"@type":"ListItem","position":1,"name":"Home","item":"https:\/\/www.hotelcasapiantoni.com\/de\/"},{"@type":"ListItem","position":2,"name":"Aktive Angebote"}]},{"@type":"WebSite","@id":"https:\/\/www.hotelcasapiantoni.com\/de\/#website","url":"https:\/\/www.hotelcasapiantoni.com\/de\/","name":"Hotel Casa Piantoni","description":"Hotel Casa Piantoni Limone","publisher":{"@id":"https:\/\/www.hotelcasapiantoni.com\/de\/#organization"},"potentialAction":[{"@type":"SearchAction","target":{"@type":"EntryPoint","urlTemplate":"https:\/\/www.hotelcasapiantoni.com\/de\/?s={search_term_string}"},"query-input":{"@type":"PropertyValueSpecification","valueRequired":true,"valueName":"search_term_string"}}],"inLanguage":"de"},{"@type":"Organization","@id":"https:\/\/www.hotelcasapiantoni.com\/de\/#organization","name":"Hotel Casa Piantoni","url":"https:\/\/www.hotelcasapiantoni.com\/de\/","logo":{"@type":"ImageObject","inLanguage":"de","@id":"https:\/\/www.hotelcasapiantoni.com\/de\/#\/schema\/logo\/image\/","url":"https:\/\/www.hotelcasapiantoni.com\/wp-content\/uploads\/2022\/10\/DJI_0236.jpg","contentUrl":"https:\/\/www.hotelcasapiantoni.com\/wp-content\/uploads\/2022\/10\/DJI_0236.jpg","width":1920,"height":1279,"caption":"Hotel Casa Piantoni"},"image":{"@id":"https:\/\/www.hotelcasapiantoni.com\/de\/#\/schema\/logo\/image\/"}}]}},"_links":{"self":[{"href":"https:\/\/www.hotelcasapiantoni.com\/de\/wp-json\/wp\/v2\/pages\/413","targetHints":{"allow":["GET"]}}],"collection":[{"href":"https:\/\/www.hotelcasapiantoni.com\/de\/wp-json\/wp\/v2\/pages"}],"about":[{"href":"https:\/\/www.hotelcasapiantoni.com\/de\/wp-json\/wp\/v2\/types\/page"}],"author":[{"embeddable":true,"href":"https:\/\/www.hotelcasapiantoni.com\/de\/wp-json\/wp\/v2\/users\/1"}],"replies":[{"embeddable":true,"href":"https:\/\/www.hotelcasapiantoni.com\/de\/wp-json\/wp\/v2\/comments?post=413"}],"version-history":[{"count":3,"href":"https:\/\/www.hotelcasapiantoni.com\/de\/wp-json\/wp\/v2\/pages\/413\/revisions"}],"predecessor-version":[{"id":468,"href":"https:\/\/www.hotelcasapiantoni.com\/de\/wp-json\/wp\/v2\/pages\/413\/revisions\/468"}],"wp:attachment":[{"href":"https:\/\/www.hotelcasapiantoni.com\/de\/wp-json\/wp\/v2\/media?parent=413"}],"curies":[{"name":"wp","href":"https:\/\/api.w.org\/{rel}","templated":true}]}}